{"id":423254,"date":"2026-04-24T00:00:00","date_gmt":"2026-04-23T15:00:00","guid":{"rendered":"https:\/\/usagidvd2023.com\/store\/product\/%e3%83%a1%e3%82%ac%e7%9b%9b%e3%82%8a%ef%bc%81%e7%88%86%e4%b9%b3%e3%80%90%e6%b7%b7%e6%b5%b4%e3%80%91%e6%b8%a9%e6%b3%89-%e8%a5%bf%e6%9d%91%e3%83%8b%e3%83%bc%e3%83%8a%e3%80%80\/"},"modified":"2026-04-25T02:40:39","modified_gmt":"2026-04-24T17:40:39","slug":"%e3%83%a1%e3%82%ac%e7%9b%9b%e3%82%8a%ef%bc%81%e7%88%86%e4%b9%b3%e3%80%90%e6%b7%b7%e6%b5%b4%e3%80%91%e6%b8%a9%e6%b3%89-%e8%a5%bf%e6%9d%91%e3%83%8b%e3%83%bc%e3%83%8a%e3%80%80","status":"publish","type":"product","link":"https:\/\/usagidvd2023.com\/store\/product\/%e3%83%a1%e3%82%ac%e7%9b%9b%e3%82%8a%ef%bc%81%e7%88%86%e4%b9%b3%e3%80%90%e6%b7%b7%e6%b5%b4%e3%80%91%e6%b8%a9%e6%b3%89-%e8%a5%bf%e6%9d%91%e3%83%8b%e3%83%bc%e3%83%8a%e3%80%80\/","title":{"rendered":"\u30e1\u30ac\u76db\u308a\uff01\u7206\u4e73\u3010\u6df7\u6d74\u3011\u6e29\u6cc9 \u897f\u6751\u30cb\u30fc\u30ca\u3000"},"content":{"rendered":"","protected":false},"excerpt":{"rendered":"<p>\u90fd\u4f1a\u306e\u55a7\u9a12\u304b\u3089\u96e2\u308c\u3001\u3072\u3068\u308a\u6e29\u6cc9\u306b\u5165\u3063\u3066\u305f\u3089\u3001\u3046\u3049\u3063\u3067\u3063\u304b\uff01\u3068\u601d\u308f\u305a\u58f0\u306b\u51fa\u3057\u3066\u3057\u307e\u3046\u30e0\u30c1\u30e0\u30c1\u611f\u30cf\u30f3\u30d1\u306a\u3044\u5b50\u304c\u5165\u3063\u3066\u304d\u305f\uff01\u3084\u3079\u3063\uff01\u6700\u8fd1\u3001\u4ed5\u4e8b\u75b2\u308c\u3067\u30cc\u30a4\u3066\u306a\u304b\u3063\u305f\u3089\u904e\u5270\u306b\u30e0\u30b9\u30b3\u304c\u53cd\u5fdc\u3057\u3061\u3083\u3063\u3066\u308b\uff01\u3066\u304b\u3001\u3088\u304f\u898b\u308b\u3068\u3001\u3048\uff01\uff1f\u897f\u6751\u30cb\u30fc\u30ca\u3061\u3083\u3093\uff1f\uff1f\u3048\u3063\u308d\uff01\u751f\u4e73\u30c7\u30ab\u3059\u304e\u308b\u3060\u308d\uff01\u3068\u5fc3\u306e\u58f0\u3092\u6291\u3048\u3064\u3064\u3001\u3055\u308a\u3052\u306a\u304f\u672c\u4eba\u78ba\u8a8d\u3002\u3059\u308b\u3068\u30cb\u30fc\u30ca\u3061\u3083\u3093\u306e\u65b9\u3082\u50d5\u306e\u30d5\u30eb\u52c3\u8d77\u3057\u305f\u30c7\u30ab\u30c1\u30f3\u30dd\u306b\u7570\u5e38\u306a\u307e\u3067\u306e\u904e\u5270\u53cd\u5fdc\u3092\u793a\u3057\u3001\u305d\u306e\u5f8c\u306f\u00d7\u00d7\u00d7 \u3080\u3061\u30a8\u30ed\u306a\u8089\u4f53\u304c\u3055\u3089\u306b\u30dc\u30ea\u30e5\u30fc\u30e0\u5897\u3005\u306b\u306a\u3063\u305f\u30cb\u30fc\u30ca\u3061\u3083\u3093\u304c\u30a8\u30c1\u30a8\u30c1\u5168\u958b\u3067\u5f3e\u3051\u4e71\u308c\u307e\u3059\uff01\u3000<\/p>\n","protected":false},"featured_media":423255,"template":"","meta":{"_acf_changed":false},"product_brand":[],"product_cat":[17,1150,219,19,21,34,42,20],"product_tag":[],"class_list":{"0":"post-423254","1":"product","2":"type-product","3":"status-publish","4":"has-post-thumbnail","6":"product_cat-sku","7":"product_cat-h","8":"product_cat-219","9":"product_cat-genre","10":"product_cat-mfr","11":"product_cat-34","12":"product_cat-42","13":"product_cat-looks","15":"first","16":"instock","17":"purchasable","18":"product-type-simple"},"acf":[],"_links":{"self":[{"href":"https:\/\/usagidvd2023.com\/store\/wp-json\/wp\/v2\/product\/423254","targetHints":{"allow":["GET"]}}],"collection":[{"href":"https:\/\/usagidvd2023.com\/store\/wp-json\/wp\/v2\/product"}],"about":[{"href":"https:\/\/usagidvd2023.com\/store\/wp-json\/wp\/v2\/types\/product"}],"wp:featuredmedia":[{"embeddable":true,"href":"https:\/\/usagidvd2023.com\/store\/wp-json\/wp\/v2\/media\/423255"}],"wp:attachment":[{"href":"https:\/\/usagidvd2023.com\/store\/wp-json\/wp\/v2\/media?parent=423254"}],"wp:term":[{"taxonomy":"product_brand","embeddable":true,"href":"https:\/\/usagidvd2023.com\/store\/wp-json\/wp\/v2\/product_brand?post=423254"},{"taxonomy":"product_cat","embeddable":true,"href":"https:\/\/usagidvd2023.com\/store\/wp-json\/wp\/v2\/product_cat?post=423254"},{"taxonomy":"product_tag","embeddable":true,"href":"https:\/\/usagidvd2023.com\/store\/wp-json\/wp\/v2\/product_tag?post=423254"}],"curies":[{"name":"wp","href":"https:\/\/api.w.org\/{rel}","templated":true}]}}