{"id":419825,"date":"2026-04-03T00:00:00","date_gmt":"2026-04-02T15:00:00","guid":{"rendered":"https:\/\/usagidvd2023.com\/store\/product\/%e6%a5%b5%e3%83%a1%e3%83%b3%e3%82%ba%e3%82%a8%e3%82%b9%e3%83%86%e7%97%b4%e5%a5%b3%e7%a5%9e%e3%83%8f%e3%83%bc%e3%83%ac%e3%83%a0-%e9%80%a3%e5%b0%84%e3%83%bb%e7%94%b7%e6%bd%ae%e3%83%bb%e6%8c%9f%e6%92%83\/"},"modified":"2026-04-04T00:10:52","modified_gmt":"2026-04-03T15:10:52","slug":"%e6%a5%b5%e3%83%a1%e3%83%b3%e3%82%ba%e3%82%a8%e3%82%b9%e3%83%86%e7%97%b4%e5%a5%b3%e7%a5%9e%e3%83%8f%e3%83%bc%e3%83%ac%e3%83%a0-%e9%80%a3%e5%b0%84%e3%83%bb%e7%94%b7%e6%bd%ae%e3%83%bb%e6%8c%9f%e6%92%83","status":"publish","type":"product","link":"https:\/\/usagidvd2023.com\/store\/product\/%e6%a5%b5%e3%83%a1%e3%83%b3%e3%82%ba%e3%82%a8%e3%82%b9%e3%83%86%e7%97%b4%e5%a5%b3%e7%a5%9e%e3%83%8f%e3%83%bc%e3%83%ac%e3%83%a0-%e9%80%a3%e5%b0%84%e3%83%bb%e7%94%b7%e6%bd%ae%e3%83%bb%e6%8c%9f%e6%92%83\/","title":{"rendered":"\u6975\u30e1\u30f3\u30ba\u30a8\u30b9\u30c6\u75f4\u5973\u795e\u30cf\u30fc\u30ec\u30e0 \u9023\u5c04\u30fb\u7537\u6f6e\u30fb\u631f\u6483\u30fb\u751f\u6daf\u7cbe\u5b50\u30d6\u30c3\u30b3\u629c\u304d\u7121\u5236\u9650\u5c04\u7cbe\u3078\u306e\u5c0e\u304d \u3010MOODYZ\u5275\u7acb25\u5468\u5e74\u8a18\u5ff5\u4f5c\u54c1\u3011 \u767d\u5ca9\u51ac\u840c miru \u611b\u5f13\u308a\u3087\u3046 \u5922\u5b9f\u304b\u306a\u3048"},"content":{"rendered":"","protected":false},"excerpt":{"rendered":"<p>\u3010MOODYZ\u00d7S1\u00d7Madonna\u00d7TAMEIKE\u3011\u56fd\u5b9d\u7d1a\u75f4\u5973\u30c6\u30af\u5973\u795e\u305f\u3061\u304c\u96c6\u7d50\u3057\u305f\u81f3\u9ad8\u306e\u30cf\u30fc\u30ec\u30e0\u3002\u7279\u5225\u306b\u62db\u5f85\u3055\u308c\u305f\u3042\u306a\u305f\u3060\u3051\u304c\u4f53\u9a13\u3067\u304d\u308b\u7a76\u6975\u306e\u5feb\u697d\u306b\u3054\u6848\u5185\u3044\u305f\u3057\u307e\u3059\u3002\u3042\u306a\u305f\u3060\u3051\u3092\u898b\u3064\u3081\u3066\u65bd\u8853\u3059\u308b\u30aa\u30a4\u30eb\u30d1\u30a4\u30ba\u30ea\u30d5\u30a7\u30e9\u643e\u7cbe,\u4f55\u5ea6\u5c04\u7cbe\u3057\u3066\u3082\u5373\u8ffd\u6483\u3059\u308b\u6700\u9ad8\u7d1a\u75f4\u5973\u30cf\u30fc\u30ec\u30e0\u90065P,\u7518\u3005\u7652\u3055\u308c\u308b\u30cc\u30eb\u30cc\u30eb\u6d17\u4f53\u6c34\u7740\u30a8\u30b9\u30c6,\u5bf8\u6b62\u3081\u9023\u767a\u631f\u307f\u6483\u3061\u60b6\u7d76\u30c1\u30e3\u30a4\u30ca\u90063P,\u30b9\u30b1\u30d9\u6deb\u8a9e\uff06\u30ab\u30a6\u30f3\u30c8\u30c0\u30a6\u30f3\u3067\u5c04\u7cbe\u306b\u5c0e\u304fJOI,\u30cc\u30eb\u30cc\u30eb\u30dc\u30c7\u30a3\u3067\u56f2\u307f\u306a\u304c\u3089\u30ed\u30fc\u30b7\u30e7\u30f3\u90065P,\u5730\u7403\u4e0a\u3001\u3069\u3053\u3092\u63a2\u3057\u3066\u3082\u4f53\u9a13\u3067\u304d\u306a\u3044\u795e\u30e1\u30f3\u30a8\u30b9\u3002\u6700\u3082\u6fc3\u5bc6\u3067\u6700\u3082\u8c6a\u83ef\u3067\u3001\u6700\u3082\u30a8\u30ed\u3044230\u5206\u3002\u4e8c\u5ea6\u3068\u898b\u308c\u306a\u3044\u304b\u3082\u3057\u308c\u306a\u3044\u6975\u4e0a\u65bd\u8853\u306b\u3088\u308b\u4e00\u751f\u6daf\u5206\u306e\u5c04\u7cbe\u3092\u3054\u582a\u80fd\u304f\u3060\u3055\u3044\u3002\u30c9\u75f4\u5973\u3089\u308c\u308b\u306e\u306f\u304a\u597d\u304d\u3067\u3059\u304b\uff1f<\/p>\n","protected":false},"featured_media":419826,"template":"","meta":{"_acf_changed":false},"product_brand":[],"product_cat":[17,959,19,81,21,34,42,20],"product_tag":[],"class_list":{"0":"post-419825","1":"product","2":"type-product","3":"status-publish","4":"has-post-thumbnail","6":"product_cat-sku","7":"product_cat-g","8":"product_cat-genre","9":"product_cat-81","10":"product_cat-mfr","11":"product_cat-34","12":"product_cat-42","13":"product_cat-looks","15":"first","16":"instock","17":"purchasable","18":"product-type-simple"},"acf":[],"_links":{"self":[{"href":"https:\/\/usagidvd2023.com\/store\/wp-json\/wp\/v2\/product\/419825","targetHints":{"allow":["GET"]}}],"collection":[{"href":"https:\/\/usagidvd2023.com\/store\/wp-json\/wp\/v2\/product"}],"about":[{"href":"https:\/\/usagidvd2023.com\/store\/wp-json\/wp\/v2\/types\/product"}],"wp:featuredmedia":[{"embeddable":true,"href":"https:\/\/usagidvd2023.com\/store\/wp-json\/wp\/v2\/media\/419826"}],"wp:attachment":[{"href":"https:\/\/usagidvd2023.com\/store\/wp-json\/wp\/v2\/media?parent=419825"}],"wp:term":[{"taxonomy":"product_brand","embeddable":true,"href":"https:\/\/usagidvd2023.com\/store\/wp-json\/wp\/v2\/product_brand?post=419825"},{"taxonomy":"product_cat","embeddable":true,"href":"https:\/\/usagidvd2023.com\/store\/wp-json\/wp\/v2\/product_cat?post=419825"},{"taxonomy":"product_tag","embeddable":true,"href":"https:\/\/usagidvd2023.com\/store\/wp-json\/wp\/v2\/product_tag?post=419825"}],"curies":[{"name":"wp","href":"https:\/\/api.w.org\/{rel}","templated":true}]}}