{"id":217690,"date":"2021-11-23T00:00:00","date_gmt":"2021-11-22T15:00:00","guid":{"rendered":"https:\/\/usagidvd2023.com\/store\/product\/%e3%82%ad%e3%83%a1%e3%82%bb%e3%82%af%e7%9b%b8%e9%83%a8%e5%b1%8bntr-%e5%a4%a7%e5%ab%8c%e3%81%84%e3%81%a7%e6%9c%80%e4%bd%8e%e6%9c%80%e6%82%aa%e3%81%aa%e7%b5%b6%e5%80%ab%e5%85%83%e3%82%ab%e3%83%ac-7\/"},"modified":"2024-06-14T22:52:40","modified_gmt":"2024-06-14T13:52:40","slug":"%e3%82%ad%e3%83%a1%e3%82%bb%e3%82%af%e7%9b%b8%e9%83%a8%e5%b1%8bntr-%e5%a4%a7%e5%ab%8c%e3%81%84%e3%81%a7%e6%9c%80%e4%bd%8e%e6%9c%80%e6%82%aa%e3%81%aa%e7%b5%b6%e5%80%ab%e5%85%83%e3%82%ab%e3%83%ac-7","status":"publish","type":"product","link":"https:\/\/usagidvd2023.com\/store\/product\/%e3%82%ad%e3%83%a1%e3%82%bb%e3%82%af%e7%9b%b8%e9%83%a8%e5%b1%8bntr-%e5%a4%a7%e5%ab%8c%e3%81%84%e3%81%a7%e6%9c%80%e4%bd%8e%e6%9c%80%e6%82%aa%e3%81%aa%e7%b5%b6%e5%80%ab%e5%85%83%e3%82%ab%e3%83%ac-7\/","title":{"rendered":"\u30ad\u30e1\u30bb\u30af\u76f8\u90e8\u5c4bNTR \u5927\u5acc\u3044\u3067\u6700\u4f4e\u6700\u60aa\u306a\u7d76\u502b\u5143\u30ab\u30ec\u306b\u2026\u5a9a\u85ac\u3092\u98f2\u307e\u3055\u308c\u2026\u00d7\u00d7\u00d7\u3002 \u672c\u5e84\u9234"},"content":{"rendered":"","protected":false},"excerpt":{"rendered":"<p>\u304b\u3064\u3066\u5a9a\u85ac\u306b\u3088\u3063\u3066\u611f\u899a\u306e\u3059\u3079\u3066\u3092\u5feb\u697d\u3078\u3068\u632f\u308a\u5207\u3089\u308c\u305f\u5973\u6027\u3002\u4e8c\u5ea6\u3068SEX\u3092\u3057\u305f\u304f\u306a\u3044\u3088\u3046\u306a\u7537\u3067\u3082\u3001\u8eab\u4f53\u306f\u5f7c\u306e\u30c1\u25cb\u30dd\u3092\u6b32\u3057\u304c\u3063\u3066\u3057\u307e\u3046\u3002\u7406\u4e0d\u5c3d\u306a\u7d76\u9802\u306b\u5815\u3068\u3055\u308c\u3066\u3044\u304f\u306e\u306f\u3001\u5a9a\u85ac\u306e\u305b\u3044\u304b\u3001\u672c\u80fd\u304b\u2026\u3002<\/p>\n","protected":false},"featured_media":217691,"template":"","meta":{"_acf_changed":false},"product_brand":[],"product_cat":[17,171,754,19,21,34,42,20],"product_tag":[],"class_list":{"0":"post-217690","1":"product","2":"type-product","3":"status-publish","4":"has-post-thumbnail","6":"product_cat-sku","7":"product_cat-sod","8":"product_cat-u","9":"product_cat-genre","10":"product_cat-mfr","11":"product_cat-34","12":"product_cat-42","13":"product_cat-looks","15":"first","16":"instock","17":"purchasable","18":"product-type-simple"},"acf":[],"_links":{"self":[{"href":"https:\/\/usagidvd2023.com\/store\/wp-json\/wp\/v2\/product\/217690","targetHints":{"allow":["GET"]}}],"collection":[{"href":"https:\/\/usagidvd2023.com\/store\/wp-json\/wp\/v2\/product"}],"about":[{"href":"https:\/\/usagidvd2023.com\/store\/wp-json\/wp\/v2\/types\/product"}],"wp:featuredmedia":[{"embeddable":true,"href":"https:\/\/usagidvd2023.com\/store\/wp-json\/wp\/v2\/media\/217691"}],"wp:attachment":[{"href":"https:\/\/usagidvd2023.com\/store\/wp-json\/wp\/v2\/media?parent=217690"}],"wp:term":[{"taxonomy":"product_brand","embeddable":true,"href":"https:\/\/usagidvd2023.com\/store\/wp-json\/wp\/v2\/product_brand?post=217690"},{"taxonomy":"product_cat","embeddable":true,"href":"https:\/\/usagidvd2023.com\/store\/wp-json\/wp\/v2\/product_cat?post=217690"},{"taxonomy":"product_tag","embeddable":true,"href":"https:\/\/usagidvd2023.com\/store\/wp-json\/wp\/v2\/product_tag?post=217690"}],"curies":[{"name":"wp","href":"https:\/\/api.w.org\/{rel}","templated":true}]}}