{"id":206746,"date":"2021-09-25T00:00:00","date_gmt":"2021-09-24T15:00:00","guid":{"rendered":"https:\/\/usagidvd2023.com\/store\/product\/%e6%84%9b%e3%81%97%e5%90%88%e3%81%88%e3%82%8b%e3%81%ae%e3%81%af%e3%81%bb%e3%82%93%e3%81%ae%e3%81%b2%e3%81%a8%e6%99%82%e3%80%81%e9%95%b7%e3%81%8f%e3%81%a6%e7%9f%ad%e3%81%84%e6%81%8d%e6%83%9a%e3%81%ae\/"},"modified":"2024-06-14T15:02:51","modified_gmt":"2024-06-14T06:02:51","slug":"%e6%84%9b%e3%81%97%e5%90%88%e3%81%88%e3%82%8b%e3%81%ae%e3%81%af%e3%81%bb%e3%82%93%e3%81%ae%e3%81%b2%e3%81%a8%e6%99%82%e3%80%81%e9%95%b7%e3%81%8f%e3%81%a6%e7%9f%ad%e3%81%84%e6%81%8d%e6%83%9a%e3%81%ae","status":"publish","type":"product","link":"https:\/\/usagidvd2023.com\/store\/product\/%e6%84%9b%e3%81%97%e5%90%88%e3%81%88%e3%82%8b%e3%81%ae%e3%81%af%e3%81%bb%e3%82%93%e3%81%ae%e3%81%b2%e3%81%a8%e6%99%82%e3%80%81%e9%95%b7%e3%81%8f%e3%81%a6%e7%9f%ad%e3%81%84%e6%81%8d%e6%83%9a%e3%81%ae\/","title":{"rendered":"\u611b\u3057\u5408\u3048\u308b\u306e\u306f\u307b\u3093\u306e\u3072\u3068\u6642\u3001\u9577\u304f\u3066\u77ed\u3044\u604d\u60da\u306e\u6642\u9593\u3092\u697d\u3057\u307f\u3072\u305f\u3059\u3089\u6c42\u3081\u3066\u304f\u308b\u30a8\u30ed\u30c6\u30a3\u30c3\u30af\u306a\u30dc\u30af\u3060\u3051\u306e\u60c5\u5a66 \u512a\u5e0c\u5fd7\u7a42"},"content":{"rendered":"","protected":false},"excerpt":{"rendered":"<p>\u7537\u597d\u304d\u3059\u308b\u8089\u611f\u7684\u306aH\u30ab\u30c3\u30d7\u306e\u304a\u59c9\u3055\u3093\u304c\u4e0d\u502b\u3092\u3057\u305f\u308a\u3001\u5b66\u6821\u306e\u5148\u751f\u306a\u306e\u306b\u751f\u5f92\u3068\u00d7\u00d7\u00d7\u3057\u305f\u308a\u3001\u96fb\u8eca\u3067\u9006\u75f4\u6f22\u3057\u305f\u308a\u3068\u3084\u308a\u305f\u3044\u653e\u984c\u3002\u30ae\u30ea\u30ae\u30ea\u9732\u51fa\u3067\u30a8\u30c3\u30c1\u306a\u6f14\u51fa\uff01\u306f\u3063\u304d\u308a\u8a00\u3063\u3066\u3001\u512a\u5e0c\u5fd7\u7a42\u2026\u3081\u3063\u3061\u3083\u30a8\u30ed\u3044\u3067\u3059\uff01<\/p>\n","protected":false},"featured_media":206747,"template":"","meta":{"_acf_changed":false},"product_brand":[],"product_cat":[17,284,754,83,19,21,42,20],"product_tag":[],"class_list":{"0":"post-206746","1":"product","2":"type-product","3":"status-publish","4":"has-post-thumbnail","6":"product_cat-sku","7":"product_cat-aircontrol","8":"product_cat-u","9":"product_cat-83","10":"product_cat-genre","11":"product_cat-mfr","12":"product_cat-42","13":"product_cat-looks","15":"first","16":"instock","17":"purchasable","18":"product-type-simple"},"acf":[],"_links":{"self":[{"href":"https:\/\/usagidvd2023.com\/store\/wp-json\/wp\/v2\/product\/206746","targetHints":{"allow":["GET"]}}],"collection":[{"href":"https:\/\/usagidvd2023.com\/store\/wp-json\/wp\/v2\/product"}],"about":[{"href":"https:\/\/usagidvd2023.com\/store\/wp-json\/wp\/v2\/types\/product"}],"wp:featuredmedia":[{"embeddable":true,"href":"https:\/\/usagidvd2023.com\/store\/wp-json\/wp\/v2\/media\/206747"}],"wp:attachment":[{"href":"https:\/\/usagidvd2023.com\/store\/wp-json\/wp\/v2\/media?parent=206746"}],"wp:term":[{"taxonomy":"product_brand","embeddable":true,"href":"https:\/\/usagidvd2023.com\/store\/wp-json\/wp\/v2\/product_brand?post=206746"},{"taxonomy":"product_cat","embeddable":true,"href":"https:\/\/usagidvd2023.com\/store\/wp-json\/wp\/v2\/product_cat?post=206746"},{"taxonomy":"product_tag","embeddable":true,"href":"https:\/\/usagidvd2023.com\/store\/wp-json\/wp\/v2\/product_tag?post=206746"}],"curies":[{"name":"wp","href":"https:\/\/api.w.org\/{rel}","templated":true}]}}