{"id":145196,"date":"2022-08-20T00:00:00","date_gmt":"2022-08-19T15:00:00","guid":{"rendered":"https:\/\/usagidvd2023.com\/store\/product\/%e5%b9%bc%e3%81%aa%e9%a1%94%e3%83%87%e3%82%ab%e4%b9%b3%e8%bc%aa%e7%88%86%e4%b9%b3%e5%bd%bc%e5%a5%b3%e3%81%a8%e5%a4%89%e6%85%8b%e9%9c%b2%e5%87%ba%e3%83%87%e3%83%bc%e3%83%88-%e5%ae%ae%e5%90%8d%e9%81%a5\/"},"modified":"2024-06-12T03:34:31","modified_gmt":"2024-06-11T18:34:31","slug":"%e5%b9%bc%e3%81%aa%e9%a1%94%e3%83%87%e3%82%ab%e4%b9%b3%e8%bc%aa%e7%88%86%e4%b9%b3%e5%bd%bc%e5%a5%b3%e3%81%a8%e5%a4%89%e6%85%8b%e9%9c%b2%e5%87%ba%e3%83%87%e3%83%bc%e3%83%88-%e5%ae%ae%e5%90%8d%e9%81%a5","status":"publish","type":"product","link":"https:\/\/usagidvd2023.com\/store\/product\/%e5%b9%bc%e3%81%aa%e9%a1%94%e3%83%87%e3%82%ab%e4%b9%b3%e8%bc%aa%e7%88%86%e4%b9%b3%e5%bd%bc%e5%a5%b3%e3%81%a8%e5%a4%89%e6%85%8b%e9%9c%b2%e5%87%ba%e3%83%87%e3%83%bc%e3%83%88-%e5%ae%ae%e5%90%8d%e9%81%a5\/","title":{"rendered":"\u5e7c\u306a\u9854\u30c7\u30ab\u4e73\u8f2a\u7206\u4e73\u5f7c\u5973\u3068\u5909\u614b\u9732\u51fa\u30c7\u30fc\u30c8 \u5bae\u540d\u9065"},"content":{"rendered":"","protected":false},"excerpt":{"rendered":"<p>\u53ef\u611b\u3044\u9854\u3057\u3066\u3001\u30e0\u30c1\u30e0\u30c1\u3067\u3001\u30d1\u30a4\u30d1\u30f3\u3067\u3001\u30bd\u30bd\u308a\u307e\u304f\u308a\u306e\u7206\u4e73\u30c7\u30ab\u4e73\u8f2a\u3067\u3001\u30b0\u30ba\u30b0\u30ba\u306b\u6fe1\u3089\u3057\u3061\u3083\u3046\u3002\u7167\u308c\u96a0\u3057\u306e\u7b11\u9854\u3068\u611f\u3058\u3066\u3044\u308b\u6642\u306e\u6f64\u3093\u3060\u77b3\u304c\u305f\u307e\u3089\u306a\u3044\u3002\u4eca\u65e5\u306f\u521d\u3081\u3066\u304a\u5916\u00d7\u00d7\u00d7\u4f55\u3067\u3082\u8a00\u3046\u3053\u3068\u805e\u3044\u3066\u304f\u308c\u308b\u9065\u3061\u3083\u3093 LOVE \u5909\u614b\u30c7\u30fc\u30c8\u6700\u9ad8\uff01\uff01<\/p>\n","protected":false},"featured_media":145197,"template":"","meta":{"_acf_changed":false},"product_brand":[],"product_cat":[17,729,19,21,34,130,42,20],"product_tag":[],"class_list":{"0":"post-145196","1":"product","2":"type-product","3":"status-publish","4":"has-post-thumbnail","6":"product_cat-sku","7":"product_cat-w","8":"product_cat-genre","9":"product_cat-mfr","10":"product_cat-34","11":"product_cat-130","12":"product_cat-42","13":"product_cat-looks","15":"first","16":"instock","17":"purchasable","18":"product-type-simple"},"acf":[],"_links":{"self":[{"href":"https:\/\/usagidvd2023.com\/store\/wp-json\/wp\/v2\/product\/145196","targetHints":{"allow":["GET"]}}],"collection":[{"href":"https:\/\/usagidvd2023.com\/store\/wp-json\/wp\/v2\/product"}],"about":[{"href":"https:\/\/usagidvd2023.com\/store\/wp-json\/wp\/v2\/types\/product"}],"wp:featuredmedia":[{"embeddable":true,"href":"https:\/\/usagidvd2023.com\/store\/wp-json\/wp\/v2\/media\/145197"}],"wp:attachment":[{"href":"https:\/\/usagidvd2023.com\/store\/wp-json\/wp\/v2\/media?parent=145196"}],"wp:term":[{"taxonomy":"product_brand","embeddable":true,"href":"https:\/\/usagidvd2023.com\/store\/wp-json\/wp\/v2\/product_brand?post=145196"},{"taxonomy":"product_cat","embeddable":true,"href":"https:\/\/usagidvd2023.com\/store\/wp-json\/wp\/v2\/product_cat?post=145196"},{"taxonomy":"product_tag","embeddable":true,"href":"https:\/\/usagidvd2023.com\/store\/wp-json\/wp\/v2\/product_tag?post=145196"}],"curies":[{"name":"wp","href":"https:\/\/api.w.org\/{rel}","templated":true}]}}