{"id":135404,"date":"2022-06-26T00:00:00","date_gmt":"2022-06-25T15:00:00","guid":{"rendered":"https:\/\/usagidvd2023.com\/store\/product\/%ef%bc%83%e3%82%b5%e3%82%a4%e3%82%b3%e3%83%bc%e3%81%ae%e5%bd%bc%e5%a5%b3%e3%81%a8xxx%e3%81%aa%e3%81%86%e3%80%82-%e6%97%a5%e5%90%91%e8%91%b5%e8%a1%a3\/"},"modified":"2024-06-11T14:17:15","modified_gmt":"2024-06-11T05:17:15","slug":"%ef%bc%83%e3%82%b5%e3%82%a4%e3%82%b3%e3%83%bc%e3%81%ae%e5%bd%bc%e5%a5%b3%e3%81%a8xxx%e3%81%aa%e3%81%86%e3%80%82-%e6%97%a5%e5%90%91%e8%91%b5%e8%a1%a3","status":"publish","type":"product","link":"https:\/\/usagidvd2023.com\/store\/product\/%ef%bc%83%e3%82%b5%e3%82%a4%e3%82%b3%e3%83%bc%e3%81%ae%e5%bd%bc%e5%a5%b3%e3%81%a8xxx%e3%81%aa%e3%81%86%e3%80%82-%e6%97%a5%e5%90%91%e8%91%b5%e8%a1%a3\/","title":{"rendered":"\uff03\u30b5\u30a4\u30b3\u30fc\u306e\u5f7c\u5973\u3068\u00d7\u00d7\u00d7\u306a\u3046\u3002 \u65e5\u5411\u8475\u8863"},"content":{"rendered":"","protected":false},"excerpt":{"rendered":"<p>\u30d0\u30b9\u30c890\u30bb\u30f3\u30c1\u306eG\u30ab\u30c3\u30d7\u3001\u8170\u306f\u9a5a\u7570\u306e56\u30bb\u30f3\u30c1\u3001\u304a\u5c3b\u306f\u30d0\u30b9\u30c8\u3068\u540c\u305890\u30bb\u30f3\u30c1\u3002\u6f2b\u753b\u30ec\u30d9\u30eb\u306e\u30d1\u30fc\u30d5\u30a7\u30af\u30c8\u30dc\u30c7\u30a3\u3002\u306a\u306e\u306b\u9854\u306f\u304a\u3063\u3068\u308a\u7652\u3057\u7cfb\u3060\u304b\u3089\u3001\u7537\u306f\u307f\u3093\u306a\u5927\u597d\u304d\u3002\u305d\u3093\u306a\u65e5\u5411\u8475\u8863\u304c\u30a8\u30a2\u30b3\u30f3\u521d\u767b\u5834\u3002\u3075\u3093\u308f\u308a\u3068\u3057\u305f\u8868\u60c5\u306b\u7652\u3055\u308c\u306a\u304c\u3089\u3001\u30e1\u30ea\u30cf\u30ea\u30dc\u30c7\u30a3\u306b\u30ce\u30c3\u30af\u30a2\u30a6\u30c8\u3055\u308c\u3061\u3083\u3044\u307e\u3059\uff01<\/p>\n","protected":false},"featured_media":135405,"template":"","meta":{"_acf_changed":false},"product_brand":[],"product_cat":[17,284,729,83,19,21,42,20],"product_tag":[],"class_list":{"0":"post-135404","1":"product","2":"type-product","3":"status-publish","4":"has-post-thumbnail","6":"product_cat-sku","7":"product_cat-aircontrol","8":"product_cat-w","9":"product_cat-83","10":"product_cat-genre","11":"product_cat-mfr","12":"product_cat-42","13":"product_cat-looks","15":"first","16":"instock","17":"purchasable","18":"product-type-simple"},"acf":[],"_links":{"self":[{"href":"https:\/\/usagidvd2023.com\/store\/wp-json\/wp\/v2\/product\/135404","targetHints":{"allow":["GET"]}}],"collection":[{"href":"https:\/\/usagidvd2023.com\/store\/wp-json\/wp\/v2\/product"}],"about":[{"href":"https:\/\/usagidvd2023.com\/store\/wp-json\/wp\/v2\/types\/product"}],"wp:featuredmedia":[{"embeddable":true,"href":"https:\/\/usagidvd2023.com\/store\/wp-json\/wp\/v2\/media\/135405"}],"wp:attachment":[{"href":"https:\/\/usagidvd2023.com\/store\/wp-json\/wp\/v2\/media?parent=135404"}],"wp:term":[{"taxonomy":"product_brand","embeddable":true,"href":"https:\/\/usagidvd2023.com\/store\/wp-json\/wp\/v2\/product_brand?post=135404"},{"taxonomy":"product_cat","embeddable":true,"href":"https:\/\/usagidvd2023.com\/store\/wp-json\/wp\/v2\/product_cat?post=135404"},{"taxonomy":"product_tag","embeddable":true,"href":"https:\/\/usagidvd2023.com\/store\/wp-json\/wp\/v2\/product_tag?post=135404"}],"curies":[{"name":"wp","href":"https:\/\/api.w.org\/{rel}","templated":true}]}}