{"id":120001,"date":"2023-04-02T00:00:00","date_gmt":"2023-04-01T15:00:00","guid":{"rendered":"https:\/\/usagidvd2023.com\/store\/product\/%e3%80%8cav%e7%84%a1%e7%90%86%e3%80%8d%e3%81%86%e3%82%89%e3%82%89%ef%bc%88%e4%bb%ae%ef%bc%89%e8%82%b2%e3%81%a1%e7%9b%9b%e3%82%8a%e5%9c%b0%e5%91%b3%e5%a8%98%e3%81%ae%e6%bf%80%e6%9f%94h%e3%82%ab\/"},"modified":"2024-06-11T04:28:10","modified_gmt":"2024-06-10T19:28:10","slug":"%e3%80%8cav%e7%84%a1%e7%90%86%e3%80%8d%e3%81%86%e3%82%89%e3%82%89%ef%bc%88%e4%bb%ae%ef%bc%89%e8%82%b2%e3%81%a1%e7%9b%9b%e3%82%8a%e5%9c%b0%e5%91%b3%e5%a8%98%e3%81%ae%e6%bf%80%e6%9f%94h%e3%82%ab","status":"publish","type":"product","link":"https:\/\/usagidvd2023.com\/store\/product\/%e3%80%8cav%e7%84%a1%e7%90%86%e3%80%8d%e3%81%86%e3%82%89%e3%82%89%ef%bc%88%e4%bb%ae%ef%bc%89%e8%82%b2%e3%81%a1%e7%9b%9b%e3%82%8a%e5%9c%b0%e5%91%b3%e5%a8%98%e3%81%ae%e6%bf%80%e6%9f%94h%e3%82%ab\/","title":{"rendered":"\u300cAV\u7121\u7406\u300d\u3046\u3089\u3089\uff08\u4eee\uff09\u80b2\u3061\u76db\u308a\u5730\u5473\u5a18\u306e\u6fc0\u67d4H\u30ab\u30c3\u30d7\u304a\u3063\u3071\u3044\u30e0\u30c1\u30e3\u30af\u30c1\u30e3\u7a62\u3057\u63c9\u307f \u7b39\u539f\u3046\u3089\u3089"},"content":{"rendered":"","protected":false},"excerpt":{"rendered":"<p>\u6d0b\u670d\u3092\u7740\u3066\u3044\u3066\u3082\u308f\u304b\u308b\u7206\u4e73\u3068\u30a2\u30f3\u30d0\u30e9\u30f3\u30b9\u306a\u7ae5\u9854\u3002\u4eca\u58f2\u308a\u51fa\u3057\u4e2d\u306eH\u30ab\u30c3\u30d7\u30b0\u30e9\u30c9\u30eb\u306b\u64ae\u5f71\u3092\u4f9d\u983c\u3002\u7528\u610f\u3057\u305f\u8863\u88c5\u3092\u7740\u3066\u3082\u3089\u3044\u3001\u76e3\u7763\u304b\u3089\u6307\u793a\u3092\u5f85\u3064\u5f7c\u5973\u3002\u3042\u305f\u3075\u305f\u3057\u3064\u3064\u3082\u7b11\u9854\u3092\u7d9a\u3051\u308b\u5f7c\u5973\u306e\u30ab\u30e9\u30c0\u306b\u30a4\u30bf\u30ba\u30e9\u958b\u59cb\u3002\u4f55\u3082\u8a00\u3063\u3066\u3053\u306a\u3044\u304b\u3089\u30a4\u30bf\u30ba\u30e9\u3092\u30a8\u30b9\u30ab\u30ec\u30fc\u30c8\u3055\u305b\u308b\u3068\u3046\u3063\u3059\u3089\u5410\u606f\u3092\u5410\u304d\u51fa\u3057\u306f\u3058\u3081\u305f\u3002\u3053\u308c\u306f\u30c1\u30e3\u30f3\u30b9\u3068\u3070\u304b\u308a\u306b\u30ca\u30de\u4e73\u63c9\u307f\u3057\u3060\u304d\u3001\u6700\u5f8c\u306f\u00d7\u00d7\u00d7\u3002<\/p>\n","protected":false},"featured_media":120002,"template":"","meta":{"_acf_changed":false},"product_brand":[],"product_cat":[17,706,83,19,32,21,321,20],"product_tag":[],"class_list":{"0":"post-120001","1":"product","2":"type-product","3":"status-publish","4":"has-post-thumbnail","6":"product_cat-sku","7":"product_cat-x","8":"product_cat-83","9":"product_cat-genre","10":"product_cat-32","11":"product_cat-mfr","12":"product_cat-321","13":"product_cat-looks","15":"first","16":"instock","17":"purchasable","18":"product-type-simple"},"acf":[],"_links":{"self":[{"href":"https:\/\/usagidvd2023.com\/store\/wp-json\/wp\/v2\/product\/120001","targetHints":{"allow":["GET"]}}],"collection":[{"href":"https:\/\/usagidvd2023.com\/store\/wp-json\/wp\/v2\/product"}],"about":[{"href":"https:\/\/usagidvd2023.com\/store\/wp-json\/wp\/v2\/types\/product"}],"wp:featuredmedia":[{"embeddable":true,"href":"https:\/\/usagidvd2023.com\/store\/wp-json\/wp\/v2\/media\/120002"}],"wp:attachment":[{"href":"https:\/\/usagidvd2023.com\/store\/wp-json\/wp\/v2\/media?parent=120001"}],"wp:term":[{"taxonomy":"product_brand","embeddable":true,"href":"https:\/\/usagidvd2023.com\/store\/wp-json\/wp\/v2\/product_brand?post=120001"},{"taxonomy":"product_cat","embeddable":true,"href":"https:\/\/usagidvd2023.com\/store\/wp-json\/wp\/v2\/product_cat?post=120001"},{"taxonomy":"product_tag","embeddable":true,"href":"https:\/\/usagidvd2023.com\/store\/wp-json\/wp\/v2\/product_tag?post=120001"}],"curies":[{"name":"wp","href":"https:\/\/api.w.org\/{rel}","templated":true}]}}