{"id":107171,"date":"2023-01-13T00:00:00","date_gmt":"2023-01-12T15:00:00","guid":{"rendered":"https:\/\/usagidvd2023.com\/store\/product\/%e7%b5%82%e9%9b%bb%e5%89%8d%e3%81%ab%e8%a6%8b%e3%81%8b%e3%81%91%e3%82%8b%e4%ba%88%e5%82%99%e6%a0%a1%e5%b8%b0%e3%82%8a%e3%81%ae%e5%a5%b3%e5%ad%90%e2%97%8b%e7%94%9f%e3%82%92-%e6%af%8e%e6%97%a5\/"},"modified":"2024-06-10T22:55:52","modified_gmt":"2024-06-10T13:55:52","slug":"%e7%b5%82%e9%9b%bb%e5%89%8d%e3%81%ab%e8%a6%8b%e3%81%8b%e3%81%91%e3%82%8b%e4%ba%88%e5%82%99%e6%a0%a1%e5%b8%b0%e3%82%8a%e3%81%ae%e5%a5%b3%e5%ad%90%e2%97%8b%e7%94%9f%e3%82%92-%e6%af%8e%e6%97%a5","status":"publish","type":"product","link":"https:\/\/usagidvd2023.com\/store\/product\/%e7%b5%82%e9%9b%bb%e5%89%8d%e3%81%ab%e8%a6%8b%e3%81%8b%e3%81%91%e3%82%8b%e4%ba%88%e5%82%99%e6%a0%a1%e5%b8%b0%e3%82%8a%e3%81%ae%e5%a5%b3%e5%ad%90%e2%97%8b%e7%94%9f%e3%82%92-%e6%af%8e%e6%97%a5\/","title":{"rendered":"\u7d42\u96fb\u524d\u306b\u898b\u304b\u3051\u308b\u4e88\u5099\u6821\u5e30\u308a\u306e\u5973\u5b50\u25cb\u751f\u3092 \u6bce\u65e5\u2026\u6bce\u65e5\u2026\u30a4\u30ab\u305b\u7d9a\u3051\u3066\u8a00\u3044\u306a\u308aM\u5316\u6deb\u59e6 \u5409\u5ca1\u3072\u3088\u308a"},"content":{"rendered":"","protected":false},"excerpt":{"rendered":"<p>\u00d7\u65e5:\u7d42\u96fb\u524d\u306e\u8eca\u4e21\u3067J\u25cb\u3092\u767a\u898b\u3057\u30d1\u30f3\u30c1\u30e9\u76d7\u64ae\u3002\u540d\u524d\u306f\u3072\u3088\u308a\u3061\u3083\u3093\u3068\u3044\u3046\u3089\u3057\u3044\u3002\u00d7\u00d7\u65e5:\u307e\u305f\u540c\u3058\u8eca\u4e21\u306b\u306a\u3063\u305f\u3002\u8eab\u4f53\u3092\u89e6\u3063\u3066\u624b\u30b3\u30ad\u3057\u3066\u8cb0\u3063\u305f\u3002\u4e73\u9996\u304c\u30d4\u30f3\u30af\u8272\u3067\u7dba\u9e97\u3060\u3063\u305f\u3002\u00d7\u00d7\u00d7\u65e5:\u96fb\u8eca\u5185\u3067\u30ea\u30e2\u30d0\u30a4\u7f9e\u6065\u30d7\u30ec\u30a4\u3002\u5bb6\u306b\u547c\u3093\u3060\u3089\u62b5\u6297\u3057\u3066\u304d\u305f\u3002\u30b1\u30c4\u53e9\u304b\u308c\u3066\u53f7\u6ce3\u3059\u308b\u3072\u3088\u308a\u3061\u3083\u3093\u306b\u30c1\u25cb\u30dd\u633f\u308c\u305f\u3089\u559c\u3093\u3067\u305f\u3002\u00d7\u00d7\u00d7\u00d7\u65e5:\u5009\u5eab\u306b\u9023\u308c\u8fbc\u3093\u3067\u62d8\u675f\u3057\u306a\u304c\u3089\u96fb\u30de\u5f53\u3066\u305f\u3002\u3044\u3063\u3071\u3044\u6f6e\u5439\u3044\u3066\u30c1\u25cb\u30dd\u3092\u6b32\u3057\u304c\u3063\u3066\u305f\u304b\u3089\u4e2d\u51fa\u3057\u3057\u305f\u3002<\/p>\n","protected":false},"featured_media":107172,"template":"","meta":{"_acf_changed":false},"product_brand":[],"product_cat":[17,706,19,21,42,20,31,162],"product_tag":[],"class_list":{"0":"post-107171","1":"product","2":"type-product","3":"status-publish","4":"has-post-thumbnail","6":"product_cat-sku","7":"product_cat-x","8":"product_cat-genre","9":"product_cat-mfr","10":"product_cat-42","11":"product_cat-looks","12":"product_cat-sm","13":"product_cat-162","15":"first","16":"instock","17":"purchasable","18":"product-type-simple"},"acf":[],"_links":{"self":[{"href":"https:\/\/usagidvd2023.com\/store\/wp-json\/wp\/v2\/product\/107171","targetHints":{"allow":["GET"]}}],"collection":[{"href":"https:\/\/usagidvd2023.com\/store\/wp-json\/wp\/v2\/product"}],"about":[{"href":"https:\/\/usagidvd2023.com\/store\/wp-json\/wp\/v2\/types\/product"}],"wp:featuredmedia":[{"embeddable":true,"href":"https:\/\/usagidvd2023.com\/store\/wp-json\/wp\/v2\/media\/107172"}],"wp:attachment":[{"href":"https:\/\/usagidvd2023.com\/store\/wp-json\/wp\/v2\/media?parent=107171"}],"wp:term":[{"taxonomy":"product_brand","embeddable":true,"href":"https:\/\/usagidvd2023.com\/store\/wp-json\/wp\/v2\/product_brand?post=107171"},{"taxonomy":"product_cat","embeddable":true,"href":"https:\/\/usagidvd2023.com\/store\/wp-json\/wp\/v2\/product_cat?post=107171"},{"taxonomy":"product_tag","embeddable":true,"href":"https:\/\/usagidvd2023.com\/store\/wp-json\/wp\/v2\/product_tag?post=107171"}],"curies":[{"name":"wp","href":"https:\/\/api.w.org\/{rel}","templated":true}]}}